{"id":9,"date":"2024-12-02T10:13:05","date_gmt":"2024-12-02T10:13:05","guid":{"rendered":"https:\/\/4jproject.al\/?page_id=9"},"modified":"2024-12-04T10:13:56","modified_gmt":"2024-12-04T10:13:56","slug":"rreth-nesh","status":"publish","type":"page","link":"https:\/\/4jproject.al\/index.php\/rreth-nesh\/","title":{"rendered":"Rreth Nesh"},"content":{"rendered":"\t\t<div data-elementor-type=\"wp-page\" data-elementor-id=\"9\" class=\"elementor elementor-9\" data-elementor-post-type=\"page\">\n\t\t\t\t<div class=\"elementor-element elementor-element-d15cfaf e-flex e-con-boxed e-con e-parent\" data-id=\"d15cfaf\" data-element_type=\"container\">\n\t\t\t\t\t<div class=\"e-con-inner\">\n\t\t<div class=\"elementor-element elementor-element-c1477ce e-con-full e-flex e-con e-child\" data-id=\"c1477ce\" data-element_type=\"container\">\n\t\t<div class=\"elementor-element elementor-element-38372be e-con-full e-flex e-con e-child\" data-id=\"38372be\" data-element_type=\"container\">\n\t\t\t\t<div class=\"elementor-element elementor-element-1ef39e7 elementor-widget elementor-widget-heading\" data-id=\"1ef39e7\" data-element_type=\"widget\" data-widget_type=\"heading.default\">\n\t\t\t\t<div class=\"elementor-widget-container\">\n\t\t\t<h2 class=\"elementor-heading-title elementor-size-default\">Rreth Nesh<\/h2>\t\t<\/div>\n\t\t\t\t<\/div>\n\t\t\t\t<div class=\"elementor-element elementor-element-e0b5ed4 elementor-widget elementor-widget-image\" data-id=\"e0b5ed4\" data-element_type=\"widget\" data-widget_type=\"image.default\">\n\t\t\t\t<div class=\"elementor-widget-container\">\n\t\t\t\t\t\t\t\t\t\t\t\t\t<img fetchpriority=\"high\" decoding=\"async\" width=\"800\" height=\"466\" src=\"https:\/\/4jproject.al\/wp-content\/uploads\/2024\/12\/Rreth-nesh-1-1024x597.png\" class=\"attachment-large size-large wp-image-101\" alt=\"\" srcset=\"https:\/\/4jproject.al\/wp-content\/uploads\/2024\/12\/Rreth-nesh-1-1024x597.png 1024w, https:\/\/4jproject.al\/wp-content\/uploads\/2024\/12\/Rreth-nesh-1-300x175.png 300w, https:\/\/4jproject.al\/wp-content\/uploads\/2024\/12\/Rreth-nesh-1-768x448.png 768w, https:\/\/4jproject.al\/wp-content\/uploads\/2024\/12\/Rreth-nesh-1-1536x896.png 1536w, https:\/\/4jproject.al\/wp-content\/uploads\/2024\/12\/Rreth-nesh-1-2048x1195.png 2048w\" sizes=\"(max-width: 800px) 100vw, 800px\" \/>\t\t\t\t\t\t\t\t\t\t\t\t\t<\/div>\n\t\t\t\t<\/div>\n\t\t\t\t<div class=\"elementor-element elementor-element-a8b016e elementor-widget__width-initial elementor-widget elementor-widget-text-editor\" data-id=\"a8b016e\" data-element_type=\"widget\" data-widget_type=\"text-editor.default\">\n\t\t\t\t<div class=\"elementor-widget-container\">\n\t\t\t\t\t\t\t<p><br \/><strong>4J Construction<\/strong> \u00ebsht\u00eb nj\u00eb kompani e angazhuar n\u00eb ofrimin e sh\u00ebrbimeve profesionale t\u00eb projektimit dhe nd\u00ebrtimit, me nj\u00eb histori t\u00eb pasur dhe p\u00ebrkushtim ndaj cil\u00ebsis\u00eb. E themeluar me synimin p\u00ebr t\u00eb ofruar zgjidhje t\u00eb q\u00ebndrueshme dhe inovative, kompania ka arritur t\u00eb krijoj\u00eb nj\u00eb reputacion t\u00eb fort\u00eb p\u00ebr aft\u00ebsin\u00eb e saj n\u00eb realizimin e projekteve t\u00eb nd\u00ebrlikuara dhe me ndikim t\u00eb gjer\u00eb n\u00eb infrastruktur\u00ebn moderne. Ne jemi t\u00eb specializuar n\u00eb projektimin e strukturave t\u00eb ndryshme, p\u00ebrfshir\u00eb ato t\u00eb betonit arm\u00eb, metalike dhe druri, si dhe rrug\u00ebve, urave, tuneleve dhe objekteve civile dhe industriale.<\/p><p>Ekspertiza jon\u00eb shtrihet gjithashtu n\u00eb ofrimin e sh\u00ebrbimeve t\u00eb konsulenc\u00ebs dhe menaxhimit t\u00eb projekteve, duke siguruar q\u00eb \u00e7do faz\u00eb e nj\u00eb projekti t\u00eb realizohet me efikasitet, brenda buxhetit dhe afatit t\u00eb p\u00ebrcaktuar. Me nj\u00eb qasje t\u00eb fokusuar n\u00eb detaje dhe cil\u00ebsi, ne mbik\u00ebqyrim gjithashtu proceset e kolaudimit dhe siguris\u00eb p\u00ebr \u00e7do nd\u00ebrtim dhe infrastruktur\u00eb, duke siguruar p\u00ebrputhshm\u00ebrin\u00eb me normat dhe standardet m\u00eb t\u00eb larta t\u00eb siguris\u00eb dhe performanc\u00ebs.<\/p><p>Vizioni yn\u00eb \u00ebsht\u00eb t\u00eb jemi nj\u00eb lider i njohur n\u00eb industrin\u00eb e nd\u00ebrtimit, duke ofruar zgjidhje q\u00eb jo vet\u00ebm plot\u00ebsojn\u00eb, por edhe tejkalojn\u00eb pritshm\u00ebrit\u00eb e klient\u00ebve tan\u00eb. Ne besojm\u00eb n\u00eb r\u00ebnd\u00ebsin\u00eb e zhvillimit t\u00eb q\u00ebndruesh\u00ebm dhe p\u00ebrmir\u00ebsimit t\u00eb cil\u00ebsis\u00eb s\u00eb jetes\u00ebs p\u00ebrmes projekteve q\u00eb p\u00ebrmir\u00ebsojn\u00eb infrastruktur\u00ebn dhe krijojn\u00eb mund\u00ebsi p\u00ebr rritje dhe zhvillim n\u00eb komunitetet q\u00eb sh\u00ebrbejm\u00eb.<\/p><p>Vlerat tona jan\u00eb t\u00eb bazuara n\u00eb p\u00ebrkushtimin ndaj cil\u00ebsis\u00eb, besueshm\u00ebris\u00eb dhe transparenc\u00ebs. Ne synojm\u00eb t\u00eb sigurojm\u00eb se \u00e7do projekt realizohet n\u00eb p\u00ebrputhje me standardet m\u00eb t\u00eb larta t\u00eb siguris\u00eb dhe efikasitetit, duke p\u00ebrdorur teknologji dhe metoda moderne p\u00ebr t\u00eb arritur rezultate t\u00eb q\u00ebndrueshme dhe afatgjata. N\u00eb 4J Construction, besojm\u00eb se \u00e7do projekt \u00ebsht\u00eb nj\u00eb mund\u00ebsi p\u00ebr t\u00eb kontribuar n\u00eb p\u00ebrmir\u00ebsimin e ambientit dhe infrastruktura t\u00eb q\u00ebndrueshme, duke ofruar zgjidhje t\u00eb besueshme dhe t\u00eb sigurt p\u00ebr klient\u00ebt dhe komunitetet ku punojm\u00eb.<\/p>\t\t\t\t\t\t<\/div>\n\t\t\t\t<\/div>\n\t\t\t\t<\/div>\n\t\t\t\t<\/div>\n\t\t<div class=\"elementor-element elementor-element-f0300dc e-con-full e-flex e-con e-child\" data-id=\"f0300dc\" data-element_type=\"container\">\n\t\t<div class=\"elementor-element elementor-element-b1fddf0 e-con-full e-flex e-con e-child\" data-id=\"b1fddf0\" data-element_type=\"container\">\n\t\t\t\t<div class=\"elementor-element elementor-element-c745281 elementor-widget elementor-widget-image\" data-id=\"c745281\" data-element_type=\"widget\" data-widget_type=\"image.default\">\n\t\t\t\t<div class=\"elementor-widget-container\">\n\t\t\t\t\t\t\t\t\t\t\t\t\t<img decoding=\"async\" width=\"800\" height=\"1004\" src=\"https:\/\/4jproject.al\/wp-content\/uploads\/2024\/12\/Rreth-nesh-2-816x1024.png\" class=\"attachment-large size-large wp-image-99\" alt=\"\" srcset=\"https:\/\/4jproject.al\/wp-content\/uploads\/2024\/12\/Rreth-nesh-2-816x1024.png 816w, https:\/\/4jproject.al\/wp-content\/uploads\/2024\/12\/Rreth-nesh-2-239x300.png 239w, https:\/\/4jproject.al\/wp-content\/uploads\/2024\/12\/Rreth-nesh-2-768x964.png 768w, https:\/\/4jproject.al\/wp-content\/uploads\/2024\/12\/Rreth-nesh-2-1223x1536.png 1223w, https:\/\/4jproject.al\/wp-content\/uploads\/2024\/12\/Rreth-nesh-2-1631x2048.png 1631w\" sizes=\"(max-width: 800px) 100vw, 800px\" \/>\t\t\t\t\t\t\t\t\t\t\t\t\t<\/div>\n\t\t\t\t<\/div>\n\t\t\t\t<\/div>\n\t\t<div class=\"elementor-element elementor-element-6e683e5 e-con-full e-flex e-con e-child\" data-id=\"6e683e5\" data-element_type=\"container\">\n\t\t\t\t<div class=\"elementor-element elementor-element-c1f1212 elementor-widget elementor-widget-image\" data-id=\"c1f1212\" data-element_type=\"widget\" data-widget_type=\"image.default\">\n\t\t\t\t<div class=\"elementor-widget-container\">\n\t\t\t\t\t\t\t\t\t\t\t\t\t<img decoding=\"async\" width=\"683\" height=\"1024\" src=\"https:\/\/4jproject.al\/wp-content\/uploads\/2024\/12\/Rreth-nesh-3-683x1024.png\" class=\"attachment-large size-large wp-image-100\" alt=\"\" srcset=\"https:\/\/4jproject.al\/wp-content\/uploads\/2024\/12\/Rreth-nesh-3-683x1024.png 683w, https:\/\/4jproject.al\/wp-content\/uploads\/2024\/12\/Rreth-nesh-3-200x300.png 200w, https:\/\/4jproject.al\/wp-content\/uploads\/2024\/12\/Rreth-nesh-3-768x1152.png 768w, https:\/\/4jproject.al\/wp-content\/uploads\/2024\/12\/Rreth-nesh-3-1024x1536.png 1024w, https:\/\/4jproject.al\/wp-content\/uploads\/2024\/12\/Rreth-nesh-3-1365x2048.png 1365w, https:\/\/4jproject.al\/wp-content\/uploads\/2024\/12\/Rreth-nesh-3.png 1908w\" sizes=\"(max-width: 683px) 100vw, 683px\" \/>\t\t\t\t\t\t\t\t\t\t\t\t\t<\/div>\n\t\t\t\t<\/div>\n\t\t\t\t<\/div>\n\t\t\t\t<\/div>\n\t\t\t\t\t<\/div>\n\t\t\t\t<\/div>\n\t\t\t\t<\/div>\n\t\t","protected":false},"excerpt":{"rendered":"<p>Rreth Nesh 4J Construction \u00ebsht\u00eb nj\u00eb kompani e angazhuar n\u00eb ofrimin e sh\u00ebrbimeve profesionale t\u00eb projektimit dhe nd\u00ebrtimit, me nj\u00eb histori t\u00eb pasur dhe p\u00ebrkushtim ndaj cil\u00ebsis\u00eb. E themeluar me synimin p\u00ebr t\u00eb ofruar zgjidhje t\u00eb q\u00ebndrueshme dhe inovative, kompania ka arritur t\u00eb krijoj\u00eb nj\u00eb reputacion t\u00eb fort\u00eb p\u00ebr aft\u00ebsin\u00eb e saj n\u00eb realizimin e [&hellip;]<\/p>\n","protected":false},"author":1,"featured_media":0,"parent":0,"menu_order":0,"comment_status":"closed","ping_status":"closed","template":"","meta":{"footnotes":""},"class_list":["post-9","page","type-page","status-publish","hentry"],"_links":{"self":[{"href":"https:\/\/4jproject.al\/index.php\/wp-json\/wp\/v2\/pages\/9","targetHints":{"allow":["GET"]}}],"collection":[{"href":"https:\/\/4jproject.al\/index.php\/wp-json\/wp\/v2\/pages"}],"about":[{"href":"https:\/\/4jproject.al\/index.php\/wp-json\/wp\/v2\/types\/page"}],"author":[{"embeddable":true,"href":"https:\/\/4jproject.al\/index.php\/wp-json\/wp\/v2\/users\/1"}],"replies":[{"embeddable":true,"href":"https:\/\/4jproject.al\/index.php\/wp-json\/wp\/v2\/comments?post=9"}],"version-history":[{"count":14,"href":"https:\/\/4jproject.al\/index.php\/wp-json\/wp\/v2\/pages\/9\/revisions"}],"predecessor-version":[{"id":110,"href":"https:\/\/4jproject.al\/index.php\/wp-json\/wp\/v2\/pages\/9\/revisions\/110"}],"wp:attachment":[{"href":"https:\/\/4jproject.al\/index.php\/wp-json\/wp\/v2\/media?parent=9"}],"curies":[{"name":"wp","href":"https:\/\/api.w.org\/{rel}","templated":true}]}}