{"id":20,"date":"2024-12-02T10:14:52","date_gmt":"2024-12-02T10:14:52","guid":{"rendered":"https:\/\/4jproject.al\/?page_id=20"},"modified":"2024-12-24T09:51:29","modified_gmt":"2024-12-24T09:51:29","slug":"kontakt","status":"publish","type":"page","link":"https:\/\/4jproject.al\/index.php\/kontakt\/","title":{"rendered":"Kontakt"},"content":{"rendered":"\t\t<div data-elementor-type=\"wp-page\" data-elementor-id=\"20\" class=\"elementor elementor-20\" data-elementor-post-type=\"page\">\n\t\t\t\t<div class=\"elementor-element elementor-element-502f357 e-flex e-con-boxed e-con e-parent\" data-id=\"502f357\" data-element_type=\"container\">\n\t\t\t\t\t<div class=\"e-con-inner\">\n\t\t<div class=\"elementor-element elementor-element-ce57627 e-con-full e-flex e-con e-child\" data-id=\"ce57627\" data-element_type=\"container\">\n\t\t\t\t<div class=\"elementor-element elementor-element-578d5a4 elementor-widget elementor-widget-heading\" data-id=\"578d5a4\" data-element_type=\"widget\" data-widget_type=\"heading.default\">\n\t\t\t\t<div class=\"elementor-widget-container\">\n\t\t\t<h3 class=\"elementor-heading-title elementor-size-default\">Kontakt<\/h3>\t\t<\/div>\n\t\t\t\t<\/div>\n\t\t\t\t<div class=\"elementor-element elementor-element-052ca62 elementor-widget elementor-widget-text-editor\" data-id=\"052ca62\" data-element_type=\"widget\" data-widget_type=\"text-editor.default\">\n\t\t\t\t<div class=\"elementor-widget-container\">\n\t\t\t\t\t\t\t<p>N\u00ebse keni pyetje ose d\u00ebshironi t\u00eb diskutoni nj\u00eb projekt, jemi k\u00ebtu p\u00ebr t&#8217;ju ndihmuar! Ju mund t\u00eb na kontaktoni p\u00ebrmes form\u00ebs s\u00eb kontaktit m\u00eb posht\u00eb<\/p>\t\t\t\t\t\t<\/div>\n\t\t\t\t<\/div>\n\t\t<div class=\"elementor-element elementor-element-cfdf4bb e-con-full e-flex e-con e-child\" data-id=\"cfdf4bb\" data-element_type=\"container\">\n\t\t\t\t<div class=\"elementor-element elementor-element-db9758d elementor-widget__width-initial elementor-button-align-stretch elementor-widget elementor-widget-form\" data-id=\"db9758d\" data-element_type=\"widget\" data-settings=\"{&quot;button_width&quot;:&quot;33&quot;,&quot;step_next_label&quot;:&quot;Next&quot;,&quot;step_previous_label&quot;:&quot;Previous&quot;,&quot;step_type&quot;:&quot;number_text&quot;,&quot;step_icon_shape&quot;:&quot;circle&quot;}\" data-widget_type=\"form.default\">\n\t\t\t\t<div class=\"elementor-widget-container\">\n\t\t\t\t\t<form class=\"elementor-form\" method=\"post\" name=\"New Form\">\n\t\t\t<input type=\"hidden\" name=\"post_id\" value=\"20\"\/>\n\t\t\t<input type=\"hidden\" name=\"form_id\" value=\"db9758d\"\/>\n\t\t\t<input type=\"hidden\" name=\"referer_title\" value=\"Kontakt\" \/>\n\n\t\t\t\t\t\t\t<input type=\"hidden\" name=\"queried_id\" value=\"20\"\/>\n\t\t\t\n\t\t\t<div class=\"elementor-form-fields-wrapper elementor-labels-above\">\n\t\t\t\t\t\t\t\t<div class=\"elementor-field-type-text elementor-field-group elementor-column elementor-field-group-name elementor-col-40 elementor-field-required\">\n\t\t\t\t\t\t\t\t\t\t\t\t<label for=\"form-field-name\" class=\"elementor-field-label\">\n\t\t\t\t\t\t\t\tEm\u00ebr\t\t\t\t\t\t\t<\/label>\n\t\t\t\t\t\t\t\t\t\t\t\t\t\t<input size=\"1\" type=\"text\" name=\"form_fields[name]\" id=\"form-field-name\" class=\"elementor-field elementor-size-xs  elementor-field-textual\" placeholder=\"Em\u00ebr\" required=\"required\" aria-required=\"true\">\n\t\t\t\t\t\t\t\t\t\t\t<\/div>\n\t\t\t\t\t\t\t\t<div class=\"elementor-field-type-text elementor-field-group elementor-column elementor-field-group-field_b538b86 elementor-col-60 elementor-field-required\">\n\t\t\t\t\t\t\t\t\t\t\t\t<label for=\"form-field-field_b538b86\" class=\"elementor-field-label\">\n\t\t\t\t\t\t\t\tMbiem\u00ebr\t\t\t\t\t\t\t<\/label>\n\t\t\t\t\t\t\t\t\t\t\t\t\t\t<input size=\"1\" type=\"text\" name=\"form_fields[field_b538b86]\" id=\"form-field-field_b538b86\" class=\"elementor-field elementor-size-xs  elementor-field-textual\" placeholder=\"Mbiem\u00ebr\" required=\"required\" aria-required=\"true\">\n\t\t\t\t\t\t\t\t\t\t\t<\/div>\n\t\t\t\t\t\t\t\t<div class=\"elementor-field-type-email elementor-field-group elementor-column elementor-field-group-email elementor-col-70 elementor-field-required\">\n\t\t\t\t\t\t\t\t\t\t\t\t<label for=\"form-field-email\" class=\"elementor-field-label\">\n\t\t\t\t\t\t\t\tE-mail\t\t\t\t\t\t\t<\/label>\n\t\t\t\t\t\t\t\t\t\t\t\t\t\t<input size=\"1\" type=\"email\" name=\"form_fields[email]\" id=\"form-field-email\" class=\"elementor-field elementor-size-xs  elementor-field-textual\" placeholder=\"E-mail\" required=\"required\" aria-required=\"true\">\n\t\t\t\t\t\t\t\t\t\t\t<\/div>\n\t\t\t\t\t\t\t\t<div class=\"elementor-field-type-textarea elementor-field-group elementor-column elementor-field-group-message elementor-col-70\">\n\t\t\t\t\t\t\t\t\t\t\t\t<label for=\"form-field-message\" class=\"elementor-field-label\">\n\t\t\t\t\t\t\t\tMesazhi\t\t\t\t\t\t\t<\/label>\n\t\t\t\t\t\t<textarea class=\"elementor-field-textual elementor-field  elementor-size-xs\" name=\"form_fields[message]\" id=\"form-field-message\" rows=\"4\" placeholder=\"Mesazhi\"><\/textarea>\t\t\t\t<\/div>\n\t\t\t\t\t\t\t\t<div class=\"elementor-field-group elementor-column elementor-field-type-submit elementor-col-33 e-form__buttons\">\n\t\t\t\t\t<button class=\"elementor-button elementor-size-md\" type=\"submit\">\n\t\t\t\t\t\t<span class=\"elementor-button-content-wrapper\">\n\t\t\t\t\t\t\t\t\t\t\t\t\t\t\t\t\t\t\t\t\t\t<span class=\"elementor-button-text\">D\u00ebrgo<\/span>\n\t\t\t\t\t\t\t\t\t\t\t\t\t<\/span>\n\t\t\t\t\t<\/button>\n\t\t\t\t<\/div>\n\t\t\t<\/div>\n\t\t<\/form>\n\t\t\t\t<\/div>\n\t\t\t\t<\/div>\n\t\t\t\t<\/div>\n\t\t\t\t<\/div>\n\t\t<div class=\"elementor-element elementor-element-e4384cf e-con-full e-flex e-con e-child\" data-id=\"e4384cf\" data-element_type=\"container\">\n\t\t\t\t<div class=\"elementor-element elementor-element-c646e06 elementor-widget elementor-widget-image\" data-id=\"c646e06\" data-element_type=\"widget\" data-widget_type=\"image.default\">\n\t\t\t\t<div class=\"elementor-widget-container\">\n\t\t\t\t\t\t\t\t\t\t\t\t\t<img fetchpriority=\"high\" decoding=\"async\" width=\"800\" height=\"363\" src=\"https:\/\/4jproject.al\/wp-content\/uploads\/2024\/12\/Kontakt-1-1024x465.png\" class=\"attachment-large size-large wp-image-129\" alt=\"\" srcset=\"https:\/\/4jproject.al\/wp-content\/uploads\/2024\/12\/Kontakt-1-1024x465.png 1024w, https:\/\/4jproject.al\/wp-content\/uploads\/2024\/12\/Kontakt-1-300x136.png 300w, https:\/\/4jproject.al\/wp-content\/uploads\/2024\/12\/Kontakt-1-768x349.png 768w, https:\/\/4jproject.al\/wp-content\/uploads\/2024\/12\/Kontakt-1-1536x697.png 1536w, https:\/\/4jproject.al\/wp-content\/uploads\/2024\/12\/Kontakt-1-2048x929.png 2048w\" sizes=\"(max-width: 800px) 100vw, 800px\" \/>\t\t\t\t\t\t\t\t\t\t\t\t\t<\/div>\n\t\t\t\t<\/div>\n\t\t\t\t<\/div>\n\t\t\t\t\t<\/div>\n\t\t\t\t<\/div>\n\t\t<div class=\"elementor-element elementor-element-b60dac3 e-flex e-con-boxed e-con e-parent\" data-id=\"b60dac3\" data-element_type=\"container\">\n\t\t\t\t\t<div class=\"e-con-inner\">\n\t\t\t\t<div class=\"elementor-element elementor-element-bd0a62e elementor-widget elementor-widget-heading\" data-id=\"bd0a62e\" data-element_type=\"widget\" data-widget_type=\"heading.default\">\n\t\t\t\t<div class=\"elementor-widget-container\">\n\t\t\t<h5 class=\"elementor-heading-title elementor-size-default\">Mund t\u00eb na gjeni n\u00eb: Rruga \"Xhon Kenedi\" Tiran\u00eb, Albania<\/h5>\t\t<\/div>\n\t\t\t\t<\/div>\n\t\t\t\t\t<\/div>\n\t\t\t\t<\/div>\n\t\t<div class=\"elementor-element elementor-element-bfc23ae e-flex e-con-boxed e-con e-parent\" data-id=\"bfc23ae\" data-element_type=\"container\">\n\t\t\t\t\t<div class=\"e-con-inner\">\n\t\t\t\t<div class=\"elementor-element elementor-element-c328848 elementor-widget elementor-widget-google_maps\" data-id=\"c328848\" data-element_type=\"widget\" data-widget_type=\"google_maps.default\">\n\t\t\t\t<div class=\"elementor-widget-container\">\n\t\t\t\t\t<div class=\"elementor-custom-embed\">\n\t\t\t<iframe loading=\"lazy\"\n\t\t\t\t\tsrc=\"https:\/\/maps.google.com\/maps?q=Rruga%22Xhon%20Kenedi%2CFarke%2CSelite%2C1044%2Czk3292%20Tiran%C3%AB&#038;t=m&#038;z=10&#038;output=embed&#038;iwloc=near\"\n\t\t\t\t\ttitle=\"Rruga&quot;Xhon Kenedi,Farke,Selite,1044,zk3292 Tiran\u00eb\"\n\t\t\t\t\taria-label=\"Rruga&quot;Xhon Kenedi,Farke,Selite,1044,zk3292 Tiran\u00eb\"\n\t\t\t><\/iframe>\n\t\t<\/div>\n\t\t\t\t<\/div>\n\t\t\t\t<\/div>\n\t\t\t\t\t<\/div>\n\t\t\t\t<\/div>\n\t\t\t\t<\/div>\n\t\t","protected":false},"excerpt":{"rendered":"<p>Kontakt N\u00ebse keni pyetje ose d\u00ebshironi t\u00eb diskutoni nj\u00eb projekt, jemi k\u00ebtu p\u00ebr t&#8217;ju ndihmuar! Ju mund t\u00eb na kontaktoni p\u00ebrmes form\u00ebs s\u00eb kontaktit m\u00eb posht\u00eb Mund t\u00eb na gjeni n\u00eb: Rruga &#8220;Xhon Kenedi&#8221; Tiran\u00eb, Albania<\/p>\n","protected":false},"author":1,"featured_media":0,"parent":0,"menu_order":0,"comment_status":"closed","ping_status":"closed","template":"","meta":{"footnotes":""},"class_list":["post-20","page","type-page","status-publish","hentry"],"_links":{"self":[{"href":"https:\/\/4jproject.al\/index.php\/wp-json\/wp\/v2\/pages\/20","targetHints":{"allow":["GET"]}}],"collection":[{"href":"https:\/\/4jproject.al\/index.php\/wp-json\/wp\/v2\/pages"}],"about":[{"href":"https:\/\/4jproject.al\/index.php\/wp-json\/wp\/v2\/types\/page"}],"author":[{"embeddable":true,"href":"https:\/\/4jproject.al\/index.php\/wp-json\/wp\/v2\/users\/1"}],"replies":[{"embeddable":true,"href":"https:\/\/4jproject.al\/index.php\/wp-json\/wp\/v2\/comments?post=20"}],"version-history":[{"count":16,"href":"https:\/\/4jproject.al\/index.php\/wp-json\/wp\/v2\/pages\/20\/revisions"}],"predecessor-version":[{"id":293,"href":"https:\/\/4jproject.al\/index.php\/wp-json\/wp\/v2\/pages\/20\/revisions\/293"}],"wp:attachment":[{"href":"https:\/\/4jproject.al\/index.php\/wp-json\/wp\/v2\/media?parent=20"}],"curies":[{"name":"wp","href":"https:\/\/api.w.org\/{rel}","templated":true}]}}