{"id":14,"date":"2024-12-02T10:14:02","date_gmt":"2024-12-02T10:14:02","guid":{"rendered":"https:\/\/4jproject.al\/?page_id=14"},"modified":"2024-12-24T09:46:53","modified_gmt":"2024-12-24T09:46:53","slug":"sherbimet","status":"publish","type":"page","link":"https:\/\/4jproject.al\/index.php\/sherbimet\/","title":{"rendered":"Sh\u00ebrbimet"},"content":{"rendered":"\t\t<div data-elementor-type=\"wp-page\" data-elementor-id=\"14\" class=\"elementor elementor-14\" data-elementor-post-type=\"page\">\n\t\t\t\t<div class=\"elementor-element elementor-element-bf0b904 e-flex e-con-boxed e-con e-parent\" data-id=\"bf0b904\" data-element_type=\"container\" data-settings=\"{&quot;background_background&quot;:&quot;classic&quot;}\">\n\t\t\t\t\t<div class=\"e-con-inner\">\n\t\t\t\t<div class=\"elementor-element elementor-element-4ce3313 elementor-widget elementor-widget-heading\" data-id=\"4ce3313\" data-element_type=\"widget\" data-widget_type=\"heading.default\">\n\t\t\t\t<div class=\"elementor-widget-container\">\n\t\t\t<h2 class=\"elementor-heading-title elementor-size-default\">Sh\u00ebrbimet\u200b\n<\/h2>\t\t<\/div>\n\t\t\t\t<\/div>\n\t\t\t\t\t<\/div>\n\t\t\t\t<\/div>\n\t\t<div class=\"elementor-element elementor-element-729b68d e-flex e-con-boxed e-con e-parent\" data-id=\"729b68d\" data-element_type=\"container\" data-settings=\"{&quot;background_background&quot;:&quot;classic&quot;}\">\n\t\t\t\t\t<div class=\"e-con-inner\">\n\t\t\t\t<div class=\"elementor-element elementor-element-ca7e836 elementor-widget elementor-widget-heading\" data-id=\"ca7e836\" data-element_type=\"widget\" data-widget_type=\"heading.default\">\n\t\t\t\t<div class=\"elementor-widget-container\">\n\t\t\t<h3 class=\"elementor-heading-title elementor-size-default\">Studim dhe Projektim<\/h3>\t\t<\/div>\n\t\t\t\t<\/div>\n\t\t\t\t<div class=\"elementor-element elementor-element-3722f4f elementor-widget elementor-widget-text-editor\" data-id=\"3722f4f\" data-element_type=\"widget\" data-widget_type=\"text-editor.default\">\n\t\t\t\t<div class=\"elementor-widget-container\">\n\t\t\t\t\t\t\t<p><span style=\"white-space-collapse: preserve;\">N\u00eb 4J Construction, ne ofrojm\u00eb sh\u00ebrbime t\u00eb plota t\u00eb studimit dhe projektimit p\u00ebr nj\u00eb gam\u00eb t\u00eb gjer\u00eb objektesh dhe infrastrukturash. Ne specializohemi n\u00eb projektimin e strukturave mbajt\u00ebse p\u00ebr nd\u00ebrtimin e nd\u00ebrtesave dhe objekteve t\u00eb q\u00ebndrueshme, duke p\u00ebrdorur materiale si betoni arm\u00eb, metalike dhe druri. Ekipi yn\u00eb i ekspert\u00ebve krijon projekte t\u00eb sakt\u00eb dhe t\u00eb besueshme, t\u00eb cilat respektojn\u00eb standardet m\u00eb t\u00eb larta t\u00eb siguris\u00eb dhe performanc\u00ebs.<\/span><\/p><p>Gjithashtu, ofrojm\u00eb projektim rrug\u00ebsh, urash, tuneleve dhe autostradave, duke siguruar q\u00eb infrastruktura t\u00eb jet\u00eb funksionale dhe e q\u00ebndrueshme, duke p\u00ebrmbushur nevojat e l\u00ebvizshm\u00ebris\u00eb dhe transportit n\u00eb p\u00ebrputhje me teknologjit\u00eb m\u00eb t\u00eb fundit. Ekspertiza jon\u00eb shtrihet edhe n\u00eb projektimin e objekteve civile, industriale dhe turistike, duke krijuar projekte t\u00eb p\u00ebrshtatshme p\u00ebr \u00e7do k\u00ebrkes\u00eb, si p\u00ebr nd\u00ebrtesa deri n\u00eb 5 kate, ashtu edhe p\u00ebr objekte m\u00eb t\u00eb larta.<\/p>\t\t\t\t\t\t<\/div>\n\t\t\t\t<\/div>\n\t\t\t\t\t<\/div>\n\t\t\t\t<\/div>\n\t\t<div class=\"elementor-element elementor-element-10e91f6 e-flex e-con-boxed e-con e-parent\" data-id=\"10e91f6\" data-element_type=\"container\">\n\t\t\t\t\t<div class=\"e-con-inner\">\n\t\t<div class=\"elementor-element elementor-element-5ba8dab e-con-full e-flex e-con e-child\" data-id=\"5ba8dab\" data-element_type=\"container\">\n\t\t\t\t<div class=\"elementor-element elementor-element-ecac8ce elementor-widget elementor-widget-text-editor\" data-id=\"ecac8ce\" data-element_type=\"widget\" data-widget_type=\"text-editor.default\">\n\t\t\t\t<div class=\"elementor-widget-container\">\n\t\t\t\t\t\t\t<p>P\u00ebrve\u00e7 k\u00ebsaj, ne ofrojm\u00eb projektim impjantesh vadit\u00ebse dhe veprash p\u00ebr ujitje-kullim, duke siguruar p\u00ebrdorimin e <br \/>burimeve natyrore n\u00eb m\u00ebnyr\u00eb efikase dhe t\u00eb q\u00ebndrueshme. <br \/>Po ashtu, ofrojm\u00eb projektim p\u00ebr objekte sportive, helikoporte,<br \/>porte dhe aeroporte, duke krijuar hap\u00ebsira dhe infrastruktura<br \/>q\u00eb plot\u00ebsojn\u00eb k\u00ebrkesat m\u00eb t\u00eb larta p\u00ebr funksionalitet dhe siguri.<\/p>\t\t\t\t\t\t<\/div>\n\t\t\t\t<\/div>\n\t\t\t\t<\/div>\n\t\t<div class=\"elementor-element elementor-element-3d05d53 e-con-full e-flex e-con e-child\" data-id=\"3d05d53\" data-element_type=\"container\">\n\t\t\t\t<div class=\"elementor-element elementor-element-33d4ffd elementor-widget elementor-widget-image\" data-id=\"33d4ffd\" data-element_type=\"widget\" data-widget_type=\"image.default\">\n\t\t\t\t<div class=\"elementor-widget-container\">\n\t\t\t\t\t\t\t\t\t\t\t\t\t<img fetchpriority=\"high\" decoding=\"async\" width=\"800\" height=\"534\" src=\"https:\/\/4jproject.al\/wp-content\/uploads\/2024\/12\/Sherbimet-1-1024x683.png\" class=\"attachment-large size-large wp-image-122\" alt=\"\" srcset=\"https:\/\/4jproject.al\/wp-content\/uploads\/2024\/12\/Sherbimet-1-1024x683.png 1024w, https:\/\/4jproject.al\/wp-content\/uploads\/2024\/12\/Sherbimet-1-300x200.png 300w, https:\/\/4jproject.al\/wp-content\/uploads\/2024\/12\/Sherbimet-1-768x512.png 768w, https:\/\/4jproject.al\/wp-content\/uploads\/2024\/12\/Sherbimet-1-1536x1024.png 1536w, https:\/\/4jproject.al\/wp-content\/uploads\/2024\/12\/Sherbimet-1-2048x1365.png 2048w\" sizes=\"(max-width: 800px) 100vw, 800px\" \/>\t\t\t\t\t\t\t\t\t\t\t\t\t<\/div>\n\t\t\t\t<\/div>\n\t\t\t\t<\/div>\n\t\t\t\t\t<\/div>\n\t\t\t\t<\/div>\n\t\t<div class=\"elementor-element elementor-element-33329f9 e-flex e-con-boxed e-con e-parent\" data-id=\"33329f9\" data-element_type=\"container\">\n\t\t\t\t\t<div class=\"e-con-inner\">\n\t\t\t\t<div class=\"elementor-element elementor-element-1a31918 elementor-widget elementor-widget-heading\" data-id=\"1a31918\" data-element_type=\"widget\" data-widget_type=\"heading.default\">\n\t\t\t\t<div class=\"elementor-widget-container\">\n\t\t\t<h3 class=\"elementor-heading-title elementor-size-default\">Konsulenc\u00eb  &amp; Menaxhim Projektesh<\/h3>\t\t<\/div>\n\t\t\t\t<\/div>\n\t\t\t\t\t<\/div>\n\t\t\t\t<\/div>\n\t\t<div class=\"elementor-element elementor-element-7983c55 e-flex e-con-boxed e-con e-parent\" data-id=\"7983c55\" data-element_type=\"container\">\n\t\t\t\t\t<div class=\"e-con-inner\">\n\t\t<div class=\"elementor-element elementor-element-f76a4b3 e-con-full e-flex e-con e-child\" data-id=\"f76a4b3\" data-element_type=\"container\">\n\t\t\t\t<div class=\"elementor-element elementor-element-252b31f elementor-widget elementor-widget-image\" data-id=\"252b31f\" data-element_type=\"widget\" data-widget_type=\"image.default\">\n\t\t\t\t<div class=\"elementor-widget-container\">\n\t\t\t\t\t\t\t\t\t\t\t\t\t<img decoding=\"async\" width=\"572\" height=\"1024\" src=\"https:\/\/4jproject.al\/wp-content\/uploads\/2024\/12\/Sherbimet-2-572x1024.png\" class=\"attachment-large size-large wp-image-125\" alt=\"\" srcset=\"https:\/\/4jproject.al\/wp-content\/uploads\/2024\/12\/Sherbimet-2-572x1024.png 572w, https:\/\/4jproject.al\/wp-content\/uploads\/2024\/12\/Sherbimet-2-167x300.png 167w, https:\/\/4jproject.al\/wp-content\/uploads\/2024\/12\/Sherbimet-2-768x1376.png 768w, https:\/\/4jproject.al\/wp-content\/uploads\/2024\/12\/Sherbimet-2-857x1536.png 857w, https:\/\/4jproject.al\/wp-content\/uploads\/2024\/12\/Sherbimet-2-1143x2048.png 1143w, https:\/\/4jproject.al\/wp-content\/uploads\/2024\/12\/Sherbimet-2.png 1791w\" sizes=\"(max-width: 572px) 100vw, 572px\" \/>\t\t\t\t\t\t\t\t\t\t\t\t\t<\/div>\n\t\t\t\t<\/div>\n\t\t\t\t<\/div>\n\t\t<div class=\"elementor-element elementor-element-0ddae10 e-con-full e-flex e-con e-child\" data-id=\"0ddae10\" data-element_type=\"container\">\n\t\t\t\t<div class=\"elementor-element elementor-element-9a4e672 elementor-widget elementor-widget-text-editor\" data-id=\"9a4e672\" data-element_type=\"widget\" data-widget_type=\"text-editor.default\">\n\t\t\t\t<div class=\"elementor-widget-container\">\n\t\t\t\t\t\t\t<p><strong><em>Konsulenc\u00eb dhe Menaxhim Profesional p\u00ebr Projekte Nd\u00ebrtimi<\/em><\/strong><\/p><p>Ne ofrojm\u00eb mb\u00ebshtetje gjith\u00ebp\u00ebrfshir\u00ebse p\u00ebr projekte nd\u00ebrtimi, duke p\u00ebrfshir\u00eb planifikimin, koordinimin dhe zbatimin e suksessh\u00ebm t\u00eb \u00e7do faze t\u00eb procesit. Qasja jon\u00eb \u00ebsht\u00eb e fokusuar n\u00eb cil\u00ebsi dhe efikasitet, duke siguruar q\u00eb projektet t\u00eb p\u00ebrmbushin standardet m\u00eb t\u00eb larta profesionale dhe k\u00ebrkesat e klientit.<\/p><p><strong><em>Menaxhim Projektesh Nd\u00ebrtimore t\u00eb \u00c7do Madh\u00ebsie<\/em><\/strong><\/p><p>Marrim p\u00ebrgjegj\u00ebsin\u00eb p\u00ebr menaxhimin e plot\u00eb t\u00eb projekteve nd\u00ebrtimore, duke filluar nga konceptimi dhe planifikimi deri n\u00eb ekzekutim dhe dor\u00ebzim. Ekspertiza jon\u00eb siguron q\u00eb afatet kohore, buxheti dhe k\u00ebrkesat teknike t\u00eb respektohen me p\u00ebrpik\u00ebri, nd\u00ebrsa minimizojm\u00eb rreziqet dhe sfidat e mundshme gjat\u00eb procesit.<\/p><p><em><strong>Hartimi i Planeve t\u00eb Biznesit dhe Fizibilitetit<\/strong><\/em><\/p><p>Realizojm\u00eb analiza t\u00eb detajuara p\u00ebr q\u00ebndrueshm\u00ebrin\u00eb financiare dhe realizueshm\u00ebrin\u00eb teknike t\u00eb projekteve tuaja nd\u00ebrtimore. Duke p\u00ebrgatitur plane biznesi t\u00eb strukturuara dhe strategji t\u00eb bazuara n\u00eb t\u00eb dh\u00ebna, ndihmojm\u00eb n\u00eb maksimizimin e suksesit t\u00eb projektit tuaj dhe t\u00ebrheqjen e investimeve t\u00eb duhura.<\/p><p>\u00a0<\/p><p>\u00a0<\/p>\t\t\t\t\t\t<\/div>\n\t\t\t\t<\/div>\n\t\t\t\t<\/div>\n\t\t\t\t\t<\/div>\n\t\t\t\t<\/div>\n\t\t<div class=\"elementor-element elementor-element-e59ad7d elementor-hidden-tablet elementor-hidden-mobile e-flex e-con-boxed e-con e-parent\" data-id=\"e59ad7d\" data-element_type=\"container\">\n\t\t\t\t\t<div class=\"e-con-inner\">\n\t\t\t\t<div class=\"elementor-element elementor-element-42ec27f elementor-widget elementor-widget-heading\" data-id=\"42ec27f\" data-element_type=\"widget\" data-widget_type=\"heading.default\">\n\t\t\t\t<div class=\"elementor-widget-container\">\n\t\t\t<h2 class=\"elementor-heading-title elementor-size-default\">Mbik\u00ebqyrje dhe Kolaudim<\/h2>\t\t<\/div>\n\t\t\t\t<\/div>\n\t\t<div class=\"elementor-element elementor-element-071e65d e-con-full e-flex e-con e-child\" data-id=\"071e65d\" data-element_type=\"container\">\n\t\t<div class=\"elementor-element elementor-element-f2675fb e-con-full e-flex e-con e-child\" data-id=\"f2675fb\" data-element_type=\"container\">\n\t\t\t\t<div class=\"elementor-element elementor-element-a910f44 elementor-widget elementor-widget-text-editor\" data-id=\"a910f44\" data-element_type=\"widget\" data-widget_type=\"text-editor.default\">\n\t\t\t\t<div class=\"elementor-widget-container\">\n\t\t\t\t\t\t\t<p><em><strong>Mbik\u00ebqyrje dhe kolaudim t\u00eb nd\u00ebrtimeve civile dhe industriale<\/strong><\/em><\/p><p>Monitorim i p\u00ebrpikt\u00eb i punimeve nd\u00ebrtimore p\u00ebr t\u00eb siguruar cil\u00ebsi dhe pajtueshm\u00ebri me projektin teknik.<br \/>Kontroll i vazhduesh\u00ebm i p\u00ebrdorimit t\u00eb materialeve dhe teknologjive sipas specifikimeve t\u00eb p\u00ebrcaktuara.<br \/>Sigurimi q\u00eb nd\u00ebrtesat t\u00eb jen\u00eb funksionale, t\u00eb q\u00ebndrueshme dhe t\u00eb sigurta p\u00ebr p\u00ebrdorim.<br \/>Mbik\u00ebqyrje dhe kolaudim t\u00eb infrastruktur\u00ebs<\/p>\t\t\t\t\t\t<\/div>\n\t\t\t\t<\/div>\n\t\t\t\t<\/div>\n\t\t<div class=\"elementor-element elementor-element-ae82f0a e-con-full e-flex e-con e-child\" data-id=\"ae82f0a\" data-element_type=\"container\">\n\t\t\t\t<div class=\"elementor-element elementor-element-1800334 elementor-widget elementor-widget-text-editor\" data-id=\"1800334\" data-element_type=\"widget\" data-widget_type=\"text-editor.default\">\n\t\t\t\t<div class=\"elementor-widget-container\">\n\t\t\t\t\t\t\t<p><em><strong>Rrug\u00eb dhe ura<\/strong><\/em><\/p><p>Verifikim i standardeve t\u00eb nd\u00ebrtimit p\u00ebr t\u00eb garantuar q\u00ebndrueshm\u00ebri, siguri dhe jet\u00ebgjat\u00ebsi t\u00eb infrastruktur\u00ebs.<br \/>Kanalizime dhe impjante vadit\u00ebse: Kontroll i sistemeve hidraulike dhe kanalizimeve p\u00ebr t\u00eb siguruar funksionalitet optimal dhe mbrojtje ndaj ndikimeve mjedisore.<br \/>Projekte t\u00eb tjera infrastrukturore: Mbik\u00ebqyrje dhe kolaudim t\u00eb detajuar p\u00ebr t\u00eb garantuar q\u00eb projekti p\u00ebrmbush t\u00eb gjitha k\u00ebrkesat teknike dhe funksionale.<\/p>\t\t\t\t\t\t<\/div>\n\t\t\t\t<\/div>\n\t\t\t\t<\/div>\n\t\t\t\t<\/div>\n\t\t\t\t\t<\/div>\n\t\t\t\t<\/div>\n\t\t<div class=\"elementor-element elementor-element-62b36bb e-flex e-con-boxed e-con e-parent\" data-id=\"62b36bb\" data-element_type=\"container\">\n\t\t\t\t\t<div class=\"e-con-inner\">\n\t\t\t\t<div class=\"elementor-element elementor-element-306ac9d elementor-widget elementor-widget-heading\" data-id=\"306ac9d\" data-element_type=\"widget\" data-widget_type=\"heading.default\">\n\t\t\t\t<div class=\"elementor-widget-container\">\n\t\t\t<h2 class=\"elementor-heading-title elementor-size-default\">Mbik\u00ebqyrje dhe Kolaudim<\/h2>\t\t<\/div>\n\t\t\t\t<\/div>\n\t\t<div class=\"elementor-element elementor-element-4ad64c3 e-con-full e-flex e-con e-child\" data-id=\"4ad64c3\" data-element_type=\"container\">\n\t\t\t\t<div class=\"elementor-element elementor-element-cd81b89 elementor-widget__width-inherit elementor-widget elementor-widget-text-editor\" data-id=\"cd81b89\" data-element_type=\"widget\" data-widget_type=\"text-editor.default\">\n\t\t\t\t<div class=\"elementor-widget-container\">\n\t\t\t\t\t\t\t<p><em><strong>Rrug\u00eb dhe ura<\/strong><\/em><\/p><p>Verifikim i standardeve t\u00eb nd\u00ebrtimit p\u00ebr t\u00eb garantuar q\u00ebndrueshm\u00ebri, siguri dhe jet\u00ebgjat\u00ebsi t\u00eb infrastruktur\u00ebs.<br \/>Kanalizime dhe impjante vadit\u00ebse: Kontroll i sistemeve hidraulike dhe kanalizimeve p\u00ebr t\u00eb siguruar funksionalitet optimal dhe mbrojtje ndaj ndikimeve mjedisore.<br \/>Projekte t\u00eb tjera infrastrukturore: Mbik\u00ebqyrje dhe kolaudim t\u00eb detajuar p\u00ebr t\u00eb garantuar q\u00eb projekti p\u00ebrmbush t\u00eb gjitha k\u00ebrkesat teknike dhe funksionale.<\/p>\t\t\t\t\t\t<\/div>\n\t\t\t\t<\/div>\n\t\t\t\t<div class=\"elementor-element elementor-element-d55c481 elementor-widget__width-inherit elementor-widget elementor-widget-text-editor\" data-id=\"d55c481\" data-element_type=\"widget\" data-widget_type=\"text-editor.default\">\n\t\t\t\t<div class=\"elementor-widget-container\">\n\t\t\t\t\t\t\t<p><em><strong>Mbik\u00ebqyrje dhe kolaudim t\u00eb nd\u00ebrtimeve civile dhe industriale<\/strong><\/em><\/p><p>Monitorim i p\u00ebrpikt\u00eb i punimeve nd\u00ebrtimore p\u00ebr t\u00eb siguruar cil\u00ebsi dhe pajtueshm\u00ebri me projektin teknik.<br \/>Kontroll i vazhduesh\u00ebm i p\u00ebrdorimit t\u00eb materialeve dhe teknologjive sipas specifikimeve t\u00eb p\u00ebrcaktuara.<br \/>Sigurimi q\u00eb nd\u00ebrtesat t\u00eb jen\u00eb funksionale, t\u00eb q\u00ebndrueshme dhe t\u00eb sigurta p\u00ebr p\u00ebrdorim.<br \/>Mbik\u00ebqyrje dhe kolaudim t\u00eb infrastruktur\u00ebs<\/p>\t\t\t\t\t\t<\/div>\n\t\t\t\t<\/div>\n\t\t\t\t<\/div>\n\t\t\t\t\t<\/div>\n\t\t\t\t<\/div>\n\t\t<div class=\"elementor-element elementor-element-0d66be8 e-flex e-con-boxed e-con e-parent\" data-id=\"0d66be8\" data-element_type=\"container\">\n\t\t\t\t\t<div class=\"e-con-inner\">\n\t\t\t\t<div class=\"elementor-element elementor-element-e0fdc0e elementor-widget elementor-widget-heading\" data-id=\"e0fdc0e\" data-element_type=\"widget\" data-widget_type=\"heading.default\">\n\t\t\t\t<div class=\"elementor-widget-container\">\n\t\t\t<h3 class=\"elementor-heading-title elementor-size-default\">Vler\u00ebsim dhe Ekspertiz\u00eb<\/h3>\t\t<\/div>\n\t\t\t\t<\/div>\n\t\t\t\t\t<\/div>\n\t\t\t\t<\/div>\n\t\t<div class=\"elementor-element elementor-element-bad41c9 e-flex e-con-boxed e-con e-parent\" data-id=\"bad41c9\" data-element_type=\"container\">\n\t\t\t\t\t<div class=\"e-con-inner\">\n\t\t<div class=\"elementor-element elementor-element-579efd1 e-con-full e-flex e-con e-child\" data-id=\"579efd1\" data-element_type=\"container\">\n\t\t\t\t<div class=\"elementor-element elementor-element-879e715 elementor-widget elementor-widget-text-editor\" data-id=\"879e715\" data-element_type=\"widget\" data-widget_type=\"text-editor.default\">\n\t\t\t\t<div class=\"elementor-widget-container\">\n\t\t\t\t\t\t\t<p>Ne ofrojm\u00eb sh\u00ebrbime profesionale dhe t\u00eb besueshme n\u00eb vler\u00ebsimin e pasurive t\u00eb paluajtshme, analiz\u00ebn e ndikimit n\u00eb mjedis dhe p\u00ebrmir\u00ebsimin e efikasitetit energjetik t\u00eb nd\u00ebrtesave. Me nj\u00eb qasje t\u00eb bazuar n\u00eb ekspertiz\u00eb dhe t\u00eb dh\u00ebna t\u00eb sakta, ndihmojm\u00eb klient\u00ebt tan\u00eb t\u00eb marrin vendime t\u00eb informuara p\u00ebr investime, projekte nd\u00ebrtimore dhe menaxhimin e pronave. \u00c7do sh\u00ebrbim p\u00ebrshtatet sipas nevojave specifike, duke garantuar standarde t\u00eb larta profesionalizmi dhe p\u00ebrputhshm\u00ebri me rregulloret m\u00eb t\u00eb fundit.<\/p><p><em><strong>Vler\u00ebsim i pasurive t\u00eb paluajtshme<\/strong><\/em><br \/>P\u00ebrcaktimi i vler\u00ebs aktuale t\u00eb pronave si toka, nd\u00ebrtesa rezidenciale ose komerciale.<br \/>Vler\u00ebsime p\u00ebr shitje, blerje, hipotekim ose q\u00ebllime t\u00eb tjera financiare dhe ligjore.<br \/>Raporte t\u00eb detajuara bazuar n\u00eb analiz\u00ebn e tregut dhe karakteristikat specifike t\u00eb pron\u00ebs.<\/p><p><em><strong>Ekspertiz\u00eb p\u00ebr ndikimin n\u00eb mjedis<\/strong><\/em><br \/>Vler\u00ebsim i ndikimeve q\u00eb projektet nd\u00ebrtimore mund t\u00eb ken\u00eb n\u00eb mjedis dhe ekosistem.<br \/>Sugjerime p\u00ebr masa leht\u00ebsuese q\u00eb zvog\u00eblojn\u00eb efektet negative dhe p\u00ebrmir\u00ebsojn\u00eb q\u00ebndrueshm\u00ebrin\u00eb.<br \/>P\u00ebrgatitje e dokumentacionit p\u00ebr p\u00ebrputhshm\u00ebri me rregulloret mjedisore dhe lejet e nevojshme.<\/p><p><em><strong>Vler\u00ebsim i efikasitetit energjetik t\u00eb nd\u00ebrtesave<\/strong><\/em><br \/>Inspektim i nd\u00ebrtesave p\u00ebr t\u00eb analizuar izolimin termik, sistemet e ngrohjes dhe ftohjes.<br \/>Identifikimi i mund\u00ebsive p\u00ebr kursimin e energjis\u00eb dhe uljen e kostove operative.<br \/>Raporte dhe rekomandime p\u00ebr teknologji dhe zgjidhje q\u00eb rrisin performanc\u00ebn energjetike dhe reduktojn\u00eb ndikimin mjedisor.<\/p>\t\t\t\t\t\t<\/div>\n\t\t\t\t<\/div>\n\t\t\t\t<\/div>\n\t\t<div class=\"elementor-element elementor-element-2fc8318 e-con-full e-flex e-con e-child\" data-id=\"2fc8318\" data-element_type=\"container\" data-settings=\"{&quot;background_background&quot;:&quot;classic&quot;}\">\n\t\t\t\t<\/div>\n\t\t\t\t\t<\/div>\n\t\t\t\t<\/div>\n\t\t\t\t<\/div>\n\t\t","protected":false},"excerpt":{"rendered":"<p>Sh\u00ebrbimet\u200b Studim dhe Projektim N\u00eb 4J Construction, ne ofrojm\u00eb sh\u00ebrbime t\u00eb plota t\u00eb studimit dhe projektimit p\u00ebr nj\u00eb gam\u00eb t\u00eb gjer\u00eb objektesh dhe infrastrukturash. Ne specializohemi n\u00eb projektimin e strukturave mbajt\u00ebse p\u00ebr nd\u00ebrtimin e nd\u00ebrtesave dhe objekteve t\u00eb q\u00ebndrueshme, duke p\u00ebrdorur materiale si betoni arm\u00eb, metalike dhe druri. Ekipi yn\u00eb i ekspert\u00ebve krijon projekte t\u00eb [&hellip;]<\/p>\n","protected":false},"author":1,"featured_media":0,"parent":0,"menu_order":0,"comment_status":"closed","ping_status":"closed","template":"","meta":{"footnotes":""},"class_list":["post-14","page","type-page","status-publish","hentry"],"_links":{"self":[{"href":"https:\/\/4jproject.al\/index.php\/wp-json\/wp\/v2\/pages\/14","targetHints":{"allow":["GET"]}}],"collection":[{"href":"https:\/\/4jproject.al\/index.php\/wp-json\/wp\/v2\/pages"}],"about":[{"href":"https:\/\/4jproject.al\/index.php\/wp-json\/wp\/v2\/types\/page"}],"author":[{"embeddable":true,"href":"https:\/\/4jproject.al\/index.php\/wp-json\/wp\/v2\/users\/1"}],"replies":[{"embeddable":true,"href":"https:\/\/4jproject.al\/index.php\/wp-json\/wp\/v2\/comments?post=14"}],"version-history":[{"count":46,"href":"https:\/\/4jproject.al\/index.php\/wp-json\/wp\/v2\/pages\/14\/revisions"}],"predecessor-version":[{"id":284,"href":"https:\/\/4jproject.al\/index.php\/wp-json\/wp\/v2\/pages\/14\/revisions\/284"}],"wp:attachment":[{"href":"https:\/\/4jproject.al\/index.php\/wp-json\/wp\/v2\/media?parent=14"}],"curies":[{"name":"wp","href":"https:\/\/api.w.org\/{rel}","templated":true}]}}